{"id":868,"date":"2025-05-30T12:06:42","date_gmt":"2025-05-30T06:36:42","guid":{"rendered":"https:\/\/frankfurter-fischerzunft.de\/?page_id=868"},"modified":"2025-10-02T15:46:47","modified_gmt":"2025-10-02T10:16:47","slug":"legal","status":"publish","type":"page","link":"https:\/\/frankfurter-fischerzunft.de\/en\/legal\/","title":{"rendered":"Legal"},"content":{"rendered":"<div data-elementor-type=\"wp-page\" data-elementor-id=\"868\" class=\"elementor elementor-868\" data-elementor-post-type=\"page\">\n\t\t\t\t<div class=\"elementor-element elementor-element-e6439a3 add-border-link e-flex e-con-boxed e-con e-parent\" data-id=\"e6439a3\" data-element_type=\"container\">\n\t\t\t\t\t<div class=\"e-con-inner\">\n\t\t\t\t<div class=\"elementor-element elementor-element-d309c26 elementor-invisible elementor-widget elementor-widget-heading\" data-id=\"d309c26\" data-element_type=\"widget\" data-settings=\"{&quot;_animation&quot;:&quot;fadeInUp&quot;}\" data-widget_type=\"heading.default\">\n\t\t\t\t<div class=\"elementor-widget-container\">\n\t\t\t\t\t<h1 class=\"elementor-heading-title elementor-size-default\">Legal<\/h1>\t\t\t\t<\/div>\n\t\t\t\t<\/div>\n\t\t<div class=\"elementor-element elementor-element-042a8b7 e-flex e-con-boxed e-con e-child\" data-id=\"042a8b7\" data-element_type=\"container\">\n\t\t\t\t\t<div class=\"e-con-inner\">\n\t\t\t\t<div class=\"elementor-element elementor-element-769882b custom-h2 elementor-invisible elementor-widget elementor-widget-text-editor\" data-id=\"769882b\" data-element_type=\"widget\" data-settings=\"{&quot;_animation&quot;:&quot;fadeIn&quot;}\" data-widget_type=\"text-editor.default\">\n\t\t\t\t<div class=\"elementor-widget-container\">\n\t\t\t\t\t\t\t\t\t<h2><b>Information according to \u00a7 5 TMG<\/b><\/h2><p>Frankfurter Fischer- und Schifferzunft von 945 e.V.<br \/>Weberstra\u00dfe 62<br \/>60318 Frankfurt am Main<\/p><h2><b>Represented by<\/b><\/h2><p>Daniel G\u00f6z (Managing Chairman)<br \/>Stefan Scondo (Deputy for Fisheries)<br \/>Anton Nauheimer (Deputy for Shipping)<br \/>Manuela Sch\u00e4fer (Treasurer)<br \/>Angelika Wistel (Secretary)<\/p><h2><b>Honorary Presidents \/ Honorary Chairs<\/b><\/h2><p>Cornelia Klein<\/p>\t\t\t\t\t\t\t\t<\/div>\n\t\t\t\t<\/div>\n\t\t\t\t<div class=\"elementor-element elementor-element-748cab4 custom-h2 scroll-offset-second-header elementor-invisible elementor-widget elementor-widget-text-editor\" data-id=\"748cab4\" data-element_type=\"widget\" id=\"Kontakt\" data-settings=\"{&quot;_animation&quot;:&quot;fadeIn&quot;}\" data-widget_type=\"text-editor.default\">\n\t\t\t\t<div class=\"elementor-widget-container\">\n\t\t\t\t\t\t\t\t\t<h2><b>Contact<\/b><\/h2><p>Phone: <a href=\"tel:+4915771424635\">+49 (0157) 71424635<\/a><br \/>Email: <a href=\"mailto:daniel.goez@frankfurter-fischerzunft.de\">daniel.goez@frankfurter-fischerzunft.de<\/a><\/p>\t\t\t\t\t\t\t\t<\/div>\n\t\t\t\t<\/div>\n\t\t\t\t<div class=\"elementor-element elementor-element-c5b80f5 custom-h2 scroll-offset-second-header elementor-invisible elementor-widget elementor-widget-text-editor\" data-id=\"c5b80f5\" data-element_type=\"widget\" id=\"Rechtliches\" data-settings=\"{&quot;_animation&quot;:&quot;fadeIn&quot;}\" data-widget_type=\"text-editor.default\">\n\t\t\t\t<div class=\"elementor-widget-container\">\n\t\t\t\t\t\t\t\t\t<h2><b>Responsible for the editorial content of these pages<\/b><\/h2><p>Daniel G\u00f6z<\/p><h2><b>Register entry<\/b><\/h2><p>Registered in the Vereinsregister (Register of Associations)<br \/>Register Court: Amtsgericht Frankfurt am Main<br \/>Registration Number: 6854<\/p><h2><b>Supervisory Authority<\/b><\/h2><p>Amtsgericht Frankfurt am Main VR 6854<\/p><p>The European Commission provides a platform for online dispute resolution (ODR):<br \/><a href=\"http:\/\/ec.europa.eu\/consumers\/odr\" target=\"_blank\" rel=\"noopener\">http:\/\/ec.europa.eu\/consumers\/odr<\/a><\/p><p>Our email address can be found above in the imprint.<\/p><p>We are not willing or obliged to participate in dispute resolution proceedings before a consumer arbitration board.<\/p><h2><b>Liability for content<\/b><\/h2><p>As service providers, we are responsible for our own content on these pages according to \u00a7 7 Abs.1 TMG and general laws. However, according to \u00a7\u00a7 8 to 10 TMG, we are not obliged to monitor transmitted or stored foreign information or to investigate circumstances indicating illegal activity.<\/p><p>Obligations to remove or block the use of information under general laws remain unaffected. Liability in this regard is only possible from the time we become aware of a specific legal violation. Upon becoming aware of such violations, we will remove the content immediately.<\/p><h2><b>Liability for links<\/b><\/h2><p>Liability for links:\nOur offer contains links to external third-party websites, over whose content we have no influence. Therefore, we cannot assume any liability for these external contents. The respective provider or operator of the linked pages is always responsible for their content. The linked pages were checked for possible legal violations at the time of linking. Illegal content was not recognizable at the time of linking.<\/p><p>A permanent control of the content of the linked pages without concrete evidence of a legal violation is not reasonable. Upon becoming aware of legal violations, we will remove such links immediately.<\/p><h2><b>Copyright<\/b><\/h2><p>The contents and works created by the site operators on these pages are subject to German copyright law. Reproduction, editing, distribution, and any kind of utilization outside the limits of copyright require the written consent of the respective author or creator. Downloads and copies of this site are only permitted for private, non-commercial use.<\/p><p>To the extent that the content on this site was not created by the operator, the copyrights of third parties are respected. In particular, third-party content is marked as such. If you nevertheless become aware of a copyright infringement, please inform us accordingly. Upon becoming aware of legal violations, we will remove such content immediately.<\/p><h2><b>Use of Google Analytics<\/b><\/h2><p>We use Google Analytics to analyze website usage. The data obtained from this is used to optimize our website as well as our advertising measures.<\/p><p>Google Analytics is provided to us by Google Ireland Limited (Gordon House, Barrow Street, Dublin 4, Ireland). Google processes the data regarding website usage on our behalf and is contractually committed to measures that ensure the security and confidentiality of the processed data.<\/p><p>During your visit to the website, the following data, among others, is transmitted to Google:<\/p><ul><li>Pages visited<\/li><li>Achievement of \"website goals\" (e.g., contact inquiries and newsletter sign-ups)<\/li><li>Your behavior on the pages (e.g., time spent, clicks, scroll depth)<\/li><li>Your approximate location (country and city)<\/li><li>Your internet address (IP address)<\/li><li>Technical information such as browser, internet provider, device, and screen resolution<\/li><li>Source of your visit (i.e., through which website or advertising medium you came to us)<\/li><li>A randomly generated user ID<\/li><\/ul><p>No personal data such as name,\naddress, or contact details are transmitted to Google Analytics.<\/p><p>These data are transferred to Google servers in the USA. We point out that in the USA, data protection standards are not guaranteed to be at the same level as within the EU.<\/p><p>Google Analytics stores cookies in your web browser for a duration of two years from your last visit. These cookies contain a randomly generated user ID, which allows you to be recognized during future visits to the website.<\/p><p>The recorded data are stored together with the random user ID, enabling the analysis of pseudonymous user profiles. These user-related data are automatically deleted after 14 months. Other data are stored in aggregated form indefinitely.<\/p><p>If you do not agree to the data collection, you can prevent it by installing the <a href=\"http:\/\/tools.google.com\/dlpage\/gaoptout?hl=de\" target=\"_blank\" rel=\"noopener\">browser add-on to deactivate Google Analytics<\/a> or by refusing cookies via our cookie settings options.<\/p>\t\t\t\t\t\t\t\t<\/div>\n\t\t\t\t<\/div>\n\t\t\t\t\t<\/div>\n\t\t\t\t<\/div>\n\t\t\t\t\t<\/div>\n\t\t\t\t<\/div>\n\t\t\t\t<\/div>","protected":false},"excerpt":{"rendered":"<p>Impressum Angaben gem\u00e4\u00df \u00a7 5 TMG Frankfurter Fischer- und Schifferzunft von 945 e.V.Weberstra\u00dfe 6260318 Frankfurt am Main Vertreten durch Daniel G\u00f6z (gesch\u00e4ftsf\u00fchrender Vorsitzender)Stefan Scondo (Stellvertreter Fischerei)Anton Nauheimer (Stellvertreter Schifffahrt)Manuela Sch\u00e4fer (Kassiererin)Angelika Wistel (Schriftf\u00fchrerin) Ehrenpr\u00e4sidentin \/ Ehrenvorsitzende Cornelia Klein Kontakt Telefon: +49 (0157) 71424635E-Mail: daniel.goez@frankfurter-fischerzunft.de Verantwortlich f\u00fcr den redaktionellen Inhalt dieser Seiten Daniel G\u00f6z Registereintrag Eintragung [&hellip;]<\/p>","protected":false},"author":1,"featured_media":0,"parent":0,"menu_order":0,"comment_status":"closed","ping_status":"closed","template":"","meta":{"footnotes":""},"class_list":["post-868","page","type-page","status-publish","hentry"],"yoast_head":"<!-- This site is optimized with the Yoast SEO plugin v26.0 - https:\/\/yoast.com\/wordpress\/plugins\/seo\/ -->\n<title>Impressum | frankfurter<\/title>\n<meta name=\"robots\" content=\"index, follow, max-snippet:-1, max-image-preview:large, max-video-preview:-1\" \/>\n<link rel=\"canonical\" href=\"https:\/\/frankfurter-fischerzunft.de\/en\/legal\/\" \/>\n<meta property=\"og:locale\" content=\"en_US\" \/>\n<meta property=\"og:type\" content=\"article\" \/>\n<meta property=\"og:title\" content=\"Impressum | frankfurter\" \/>\n<meta property=\"og:description\" content=\"Impressum Angaben gem\u00e4\u00df \u00a7 5 TMG Frankfurter Fischer- und Schifferzunft von 945 e.V.Weberstra\u00dfe 6260318 Frankfurt am Main Vertreten durch Daniel G\u00f6z (gesch\u00e4ftsf\u00fchrender Vorsitzender)Stefan Scondo (Stellvertreter Fischerei)Anton Nauheimer (Stellvertreter Schifffahrt)Manuela Sch\u00e4fer (Kassiererin)Angelika Wistel (Schriftf\u00fchrerin) Ehrenpr\u00e4sidentin \/ Ehrenvorsitzende Cornelia Klein Kontakt Telefon: +49 (0157) 71424635E-Mail: daniel.goez@frankfurter-fischerzunft.de Verantwortlich f\u00fcr den redaktionellen Inhalt dieser Seiten Daniel G\u00f6z Registereintrag Eintragung [&hellip;]\" \/>\n<meta property=\"og:url\" content=\"https:\/\/frankfurter-fischerzunft.de\/en\/legal\/\" \/>\n<meta property=\"og:site_name\" content=\"frankfurter\" \/>\n<meta property=\"article:modified_time\" content=\"2025-10-02T10:16:47+00:00\" \/>\n<meta property=\"og:image\" content=\"https:\/\/frankfurter-fischerzunft.de\/wp-content\/uploads\/2025\/05\/logo.webp\" \/>\n\t<meta property=\"og:image:width\" content=\"180\" \/>\n\t<meta property=\"og:image:height\" content=\"180\" \/>\n\t<meta property=\"og:image:type\" content=\"image\/webp\" \/>\n<meta name=\"twitter:card\" content=\"summary_large_image\" \/>\n<meta name=\"twitter:label1\" content=\"Est. reading time\" \/>\n\t<meta name=\"twitter:data1\" content=\"3 minutes\" \/>\n<script type=\"application\/ld+json\" class=\"yoast-schema-graph\">{\"@context\":\"https:\/\/schema.org\",\"@graph\":[{\"@type\":\"WebPage\",\"@id\":\"https:\/\/frankfurter-fischerzunft.de\/legal\/\",\"url\":\"https:\/\/frankfurter-fischerzunft.de\/legal\/\",\"name\":\"Impressum | frankfurter\",\"isPartOf\":{\"@id\":\"https:\/\/frankfurter-fischerzunft.de\/#website\"},\"datePublished\":\"2025-05-30T06:36:42+00:00\",\"dateModified\":\"2025-10-02T10:16:47+00:00\",\"breadcrumb\":{\"@id\":\"https:\/\/frankfurter-fischerzunft.de\/legal\/#breadcrumb\"},\"inLanguage\":\"en-US\",\"potentialAction\":[{\"@type\":\"ReadAction\",\"target\":[\"https:\/\/frankfurter-fischerzunft.de\/legal\/\"]}]},{\"@type\":\"BreadcrumbList\",\"@id\":\"https:\/\/frankfurter-fischerzunft.de\/legal\/#breadcrumb\",\"itemListElement\":[{\"@type\":\"ListItem\",\"position\":1,\"name\":\"Home\",\"item\":\"https:\/\/frankfurter-fischerzunft.de\/\"},{\"@type\":\"ListItem\",\"position\":2,\"name\":\"Impressum\"}]},{\"@type\":\"WebSite\",\"@id\":\"https:\/\/frankfurter-fischerzunft.de\/#website\",\"url\":\"https:\/\/frankfurter-fischerzunft.de\/\",\"name\":\"frankfurter\",\"description\":\"\",\"publisher\":{\"@id\":\"https:\/\/frankfurter-fischerzunft.de\/#organization\"},\"potentialAction\":[{\"@type\":\"SearchAction\",\"target\":{\"@type\":\"EntryPoint\",\"urlTemplate\":\"https:\/\/frankfurter-fischerzunft.de\/?s={search_term_string}\"},\"query-input\":{\"@type\":\"PropertyValueSpecification\",\"valueRequired\":true,\"valueName\":\"search_term_string\"}}],\"inLanguage\":\"en-US\"},{\"@type\":\"Organization\",\"@id\":\"https:\/\/frankfurter-fischerzunft.de\/#organization\",\"name\":\"frankfurter\",\"url\":\"https:\/\/frankfurter-fischerzunft.de\/\",\"logo\":{\"@type\":\"ImageObject\",\"inLanguage\":\"en-US\",\"@id\":\"https:\/\/frankfurter-fischerzunft.de\/#\/schema\/logo\/image\/\",\"url\":\"https:\/\/frankfurter-fischerzunft.de\/wp-content\/uploads\/2025\/05\/LOGO_BLACK_SMALL.webp\",\"contentUrl\":\"https:\/\/frankfurter-fischerzunft.de\/wp-content\/uploads\/2025\/05\/LOGO_BLACK_SMALL.webp\",\"width\":217,\"height\":218,\"caption\":\"frankfurter\"},\"image\":{\"@id\":\"https:\/\/frankfurter-fischerzunft.de\/#\/schema\/logo\/image\/\"}}]}<\/script>\n<!-- \/ Yoast SEO plugin. -->","yoast_head_json":{"title":"Impressum | frankfurter","robots":{"index":"index","follow":"follow","max-snippet":"max-snippet:-1","max-image-preview":"max-image-preview:large","max-video-preview":"max-video-preview:-1"},"canonical":"https:\/\/frankfurter-fischerzunft.de\/en\/legal\/","og_locale":"en_US","og_type":"article","og_title":"Impressum | frankfurter","og_description":"Impressum Angaben gem\u00e4\u00df \u00a7 5 TMG Frankfurter Fischer- und Schifferzunft von 945 e.V.Weberstra\u00dfe 6260318 Frankfurt am Main Vertreten durch Daniel G\u00f6z (gesch\u00e4ftsf\u00fchrender Vorsitzender)Stefan Scondo (Stellvertreter Fischerei)Anton Nauheimer (Stellvertreter Schifffahrt)Manuela Sch\u00e4fer (Kassiererin)Angelika Wistel (Schriftf\u00fchrerin) Ehrenpr\u00e4sidentin \/ Ehrenvorsitzende Cornelia Klein Kontakt Telefon: +49 (0157) 71424635E-Mail: daniel.goez@frankfurter-fischerzunft.de Verantwortlich f\u00fcr den redaktionellen Inhalt dieser Seiten Daniel G\u00f6z Registereintrag Eintragung [&hellip;]","og_url":"https:\/\/frankfurter-fischerzunft.de\/en\/legal\/","og_site_name":"frankfurter","article_modified_time":"2025-10-02T10:16:47+00:00","og_image":[{"width":180,"height":180,"url":"https:\/\/frankfurter-fischerzunft.de\/wp-content\/uploads\/2025\/05\/logo.webp","type":"image\/webp"}],"twitter_card":"summary_large_image","twitter_misc":{"Est. reading time":"3 minutes"},"schema":{"@context":"https:\/\/schema.org","@graph":[{"@type":"WebPage","@id":"https:\/\/frankfurter-fischerzunft.de\/legal\/","url":"https:\/\/frankfurter-fischerzunft.de\/legal\/","name":"Impressum | frankfurter","isPartOf":{"@id":"https:\/\/frankfurter-fischerzunft.de\/#website"},"datePublished":"2025-05-30T06:36:42+00:00","dateModified":"2025-10-02T10:16:47+00:00","breadcrumb":{"@id":"https:\/\/frankfurter-fischerzunft.de\/legal\/#breadcrumb"},"inLanguage":"en-US","potentialAction":[{"@type":"ReadAction","target":["https:\/\/frankfurter-fischerzunft.de\/legal\/"]}]},{"@type":"BreadcrumbList","@id":"https:\/\/frankfurter-fischerzunft.de\/legal\/#breadcrumb","itemListElement":[{"@type":"ListItem","position":1,"name":"Home","item":"https:\/\/frankfurter-fischerzunft.de\/"},{"@type":"ListItem","position":2,"name":"Impressum"}]},{"@type":"WebSite","@id":"https:\/\/frankfurter-fischerzunft.de\/#website","url":"https:\/\/frankfurter-fischerzunft.de\/","name":"frankfurter","description":"","publisher":{"@id":"https:\/\/frankfurter-fischerzunft.de\/#organization"},"potentialAction":[{"@type":"SearchAction","target":{"@type":"EntryPoint","urlTemplate":"https:\/\/frankfurter-fischerzunft.de\/?s={search_term_string}"},"query-input":{"@type":"PropertyValueSpecification","valueRequired":true,"valueName":"search_term_string"}}],"inLanguage":"en-US"},{"@type":"Organization","@id":"https:\/\/frankfurter-fischerzunft.de\/#organization","name":"frankfurter","url":"https:\/\/frankfurter-fischerzunft.de\/","logo":{"@type":"ImageObject","inLanguage":"en-US","@id":"https:\/\/frankfurter-fischerzunft.de\/#\/schema\/logo\/image\/","url":"https:\/\/frankfurter-fischerzunft.de\/wp-content\/uploads\/2025\/05\/LOGO_BLACK_SMALL.webp","contentUrl":"https:\/\/frankfurter-fischerzunft.de\/wp-content\/uploads\/2025\/05\/LOGO_BLACK_SMALL.webp","width":217,"height":218,"caption":"frankfurter"},"image":{"@id":"https:\/\/frankfurter-fischerzunft.de\/#\/schema\/logo\/image\/"}}]}},"_links":{"self":[{"href":"https:\/\/frankfurter-fischerzunft.de\/en\/wp-json\/wp\/v2\/pages\/868","targetHints":{"allow":["GET"]}}],"collection":[{"href":"https:\/\/frankfurter-fischerzunft.de\/en\/wp-json\/wp\/v2\/pages"}],"about":[{"href":"https:\/\/frankfurter-fischerzunft.de\/en\/wp-json\/wp\/v2\/types\/page"}],"author":[{"embeddable":true,"href":"https:\/\/frankfurter-fischerzunft.de\/en\/wp-json\/wp\/v2\/users\/1"}],"replies":[{"embeddable":true,"href":"https:\/\/frankfurter-fischerzunft.de\/en\/wp-json\/wp\/v2\/comments?post=868"}],"version-history":[{"count":18,"href":"https:\/\/frankfurter-fischerzunft.de\/en\/wp-json\/wp\/v2\/pages\/868\/revisions"}],"predecessor-version":[{"id":1914,"href":"https:\/\/frankfurter-fischerzunft.de\/en\/wp-json\/wp\/v2\/pages\/868\/revisions\/1914"}],"wp:attachment":[{"href":"https:\/\/frankfurter-fischerzunft.de\/en\/wp-json\/wp\/v2\/media?parent=868"}],"curies":[{"name":"wp","href":"https:\/\/api.w.org\/{rel}","templated":true}]}}